{"id":913,"date":"2019-01-07T06:47:33","date_gmt":"2019-01-07T06:47:33","guid":{"rendered":"http:\/\/192.168.0.250\/news24\/?page_id=913"},"modified":"2020-08-30T13:43:41","modified_gmt":"2020-08-30T11:43:41","slug":"about","status":"publish","type":"page","link":"https:\/\/www.bopdiggers.com\/index.php\/about\/","title":{"rendered":"About"},"content":{"rendered":"<p>[vc_row el_class=&#8221;rs_about_blog&#8221;][vc_column][vc_row_inner content_placement=&#8221;middle&#8221;][vc_column_inner width=&#8221;7\/12&#8243;][vc_single_image image=&#8221;3869&#8243; img_size=&#8221;full&#8221; alignment=&#8221;center&#8221;][\/vc_column_inner][vc_column_inner width=&#8221;5\/12&#8243;]\r\n        <div class=\"rs-heading    \">\r\n        \t<div class=\"title-inner\">\r\n\t            \r\n\t            <h2  class=\"title\">Pop, Bops and beyond !<\/h2>\r\n\t            \r\n\t        <\/div><div class=\"description\"><p >Comme les oc\u00e9ans, la Pop est une \u00e9tendue interminable, aux courants tumultueux et souvent pollu\u00e9s. Bopdiggers chine donc les perles de la pop aux quatre coins du monde pour vous faire d\u00e9couvrir des artistes m\u00e9connus, originaux, parfois bien avant qu&#8217;ils rencontrent le succ\u00e8s m\u00e9rit\u00e9. Montez le volume et laissez Bopdiggers vous guider dans les m\u00e9andres !<\/p>\n<p><img loading=\"lazy\" class=\"alignnone size-medium wp-image-3866\" src=\"http:\/\/bopdiggers.com\/wp-content\/uploads\/2020\/08\/seb.png\" alt=\"\" width=\"100\" height=\"100\" \/>\u00a0 \u00a0<img loading=\"lazy\" class=\"alignnone size-full wp-image-3865\" src=\"http:\/\/bopdiggers.com\/wp-content\/uploads\/2020\/08\/luc.png\" alt=\"\" width=\"100\" height=\"100\" \/><\/p>\n<p><img loading=\"lazy\" class=\"alignnone size-full wp-image-3867\" src=\"http:\/\/bopdiggers.com\/wp-content\/uploads\/2020\/08\/signature.png\" alt=\"\" width=\"150\" height=\"65\" \/><\/p><\/div><\/div>[\/vc_column_inner][\/vc_row_inner][\/vc_column][\/vc_row]<\/p>\n","protected":false},"excerpt":{"rendered":"<p>[vc_row el_class=&#8221;rs_about_blog&#8221;][vc_column][vc_row_inner content_placement=&#8221;middle&#8221;][vc_column_inner width=&#8221;7\/12&#8243;][vc_single_image image=&#8221;3869&#8243; img_size=&#8221;full&#8221; alignment=&#8221;center&#8221;][\/vc_column_inner][vc_column_inner width=&#8221;5\/12&#8243;][\/vc_column_inner][\/vc_row_inner][\/vc_column]&#8230;<\/p>\n","protected":false},"author":1,"featured_media":0,"parent":0,"menu_order":0,"comment_status":"closed","ping_status":"closed","template":"","meta":[],"yoast_head":"<!-- This site is optimized with the Yoast SEO plugin v15.5 - https:\/\/yoast.com\/wordpress\/plugins\/seo\/ -->\n<title>About - BopDiggers<\/title>\n<meta name=\"description\" content=\"Bopdiggers chine les perles de la pop aux quatre coins du monde pour vous faire d\u00e9couvrir l&#039;actu d&#039;une sc\u00e8ne plus active que jamais !\" \/>\n<meta name=\"robots\" content=\"index, follow, max-snippet:-1, max-image-preview:large, max-video-preview:-1\" \/>\n<link rel=\"canonical\" href=\"http:\/\/bopdiggers.com\/index.php\/about\/\" \/>\n<meta property=\"og:locale\" content=\"fr_FR\" \/>\n<meta property=\"og:type\" content=\"article\" \/>\n<meta property=\"og:title\" content=\"About - BopDiggers\" \/>\n<meta property=\"og:description\" content=\"Bopdiggers chine les perles de la pop aux quatre coins du monde pour vous faire d\u00e9couvrir l&#039;actu d&#039;une sc\u00e8ne plus active que jamais !\" \/>\n<meta property=\"og:url\" content=\"http:\/\/bopdiggers.com\/index.php\/about\/\" \/>\n<meta property=\"og:site_name\" content=\"BopDiggers\" \/>\n<meta property=\"article:publisher\" content=\"https:\/\/www.facebook.com\/bopdiggers\" \/>\n<meta property=\"article:modified_time\" content=\"2020-08-30T11:43:41+00:00\" \/>\n<meta property=\"og:image\" content=\"http:\/\/bopdiggers.com\/wp-content\/uploads\/2020\/08\/seb.png\" \/>\n<meta name=\"twitter:card\" content=\"summary_large_image\" \/>\n<meta name=\"twitter:site\" content=\"@BopDiggers\" \/>\n<meta name=\"twitter:label1\" content=\"Dur\u00e9e de lecture est.\">\n\t<meta name=\"twitter:data1\" content=\"0 minute\">\n<script type=\"application\/ld+json\" class=\"yoast-schema-graph\">{\"@context\":\"https:\/\/schema.org\",\"@graph\":[{\"@type\":\"Organization\",\"@id\":\"https:\/\/www.bopdiggers.com\/#organization\",\"name\":\"Bopdiggers\",\"url\":\"https:\/\/www.bopdiggers.com\/\",\"sameAs\":[\"https:\/\/www.facebook.com\/bopdiggers\",\"https:\/\/www.instagram.com\/bopdiggers\/\",\"https:\/\/twitter.com\/BopDiggers\"],\"logo\":{\"@type\":\"ImageObject\",\"@id\":\"https:\/\/www.bopdiggers.com\/#logo\",\"inLanguage\":\"fr-FR\",\"url\":\"https:\/\/www.bopdiggers.com\/wp-content\/uploads\/2020\/08\/logo_black.png\",\"width\":392,\"height\":76,\"caption\":\"Bopdiggers\"},\"image\":{\"@id\":\"https:\/\/www.bopdiggers.com\/#logo\"}},{\"@type\":\"WebSite\",\"@id\":\"https:\/\/www.bopdiggers.com\/#website\",\"url\":\"https:\/\/www.bopdiggers.com\/\",\"name\":\"Bopdiggers\",\"description\":\"We Love A Good Bop !\",\"publisher\":{\"@id\":\"https:\/\/www.bopdiggers.com\/#organization\"},\"potentialAction\":[{\"@type\":\"SearchAction\",\"target\":\"https:\/\/www.bopdiggers.com\/?s={search_term_string}\",\"query-input\":\"required name=search_term_string\"}],\"inLanguage\":\"fr-FR\"},{\"@type\":\"ImageObject\",\"@id\":\"http:\/\/bopdiggers.com\/index.php\/about\/#primaryimage\",\"inLanguage\":\"fr-FR\",\"url\":\"http:\/\/bopdiggers.com\/wp-content\/uploads\/2020\/08\/seb.png\"},{\"@type\":\"WebPage\",\"@id\":\"http:\/\/bopdiggers.com\/index.php\/about\/#webpage\",\"url\":\"http:\/\/bopdiggers.com\/index.php\/about\/\",\"name\":\"About - BopDiggers\",\"isPartOf\":{\"@id\":\"https:\/\/www.bopdiggers.com\/#website\"},\"primaryImageOfPage\":{\"@id\":\"http:\/\/bopdiggers.com\/index.php\/about\/#primaryimage\"},\"datePublished\":\"2019-01-07T06:47:33+00:00\",\"dateModified\":\"2020-08-30T11:43:41+00:00\",\"description\":\"Bopdiggers chine les perles de la pop aux quatre coins du monde pour vous faire d\\u00e9couvrir l'actu d'une sc\\u00e8ne plus active que jamais !\",\"inLanguage\":\"fr-FR\",\"potentialAction\":[{\"@type\":\"ReadAction\",\"target\":[\"http:\/\/bopdiggers.com\/index.php\/about\/\"]}]}]}<\/script>\n<!-- \/ Yoast SEO plugin. -->","_links":{"self":[{"href":"https:\/\/www.bopdiggers.com\/index.php\/wp-json\/wp\/v2\/pages\/913"}],"collection":[{"href":"https:\/\/www.bopdiggers.com\/index.php\/wp-json\/wp\/v2\/pages"}],"about":[{"href":"https:\/\/www.bopdiggers.com\/index.php\/wp-json\/wp\/v2\/types\/page"}],"author":[{"embeddable":true,"href":"https:\/\/www.bopdiggers.com\/index.php\/wp-json\/wp\/v2\/users\/1"}],"replies":[{"embeddable":true,"href":"https:\/\/www.bopdiggers.com\/index.php\/wp-json\/wp\/v2\/comments?post=913"}],"version-history":[{"count":5,"href":"https:\/\/www.bopdiggers.com\/index.php\/wp-json\/wp\/v2\/pages\/913\/revisions"}],"predecessor-version":[{"id":3930,"href":"https:\/\/www.bopdiggers.com\/index.php\/wp-json\/wp\/v2\/pages\/913\/revisions\/3930"}],"wp:attachment":[{"href":"https:\/\/www.bopdiggers.com\/index.php\/wp-json\/wp\/v2\/media?parent=913"}],"curies":[{"name":"wp","href":"https:\/\/api.w.org\/{rel}","templated":true}]}}