{"id":3470,"date":"2019-10-03T06:48:14","date_gmt":"2019-10-03T06:48:14","guid":{"rendered":"http:\/\/192.168.0.110\/songbad\/blog\/?page_id=3470"},"modified":"2020-08-30T13:45:31","modified_gmt":"2020-08-30T11:45:31","slug":"contact","status":"publish","type":"page","link":"https:\/\/www.bopdiggers.com\/index.php\/contact\/","title":{"rendered":"Contact"},"content":{"rendered":"<p>[vc_row full_width=&#8221;stretch_row&#8221; content_placement=&#8221;top&#8221; css=&#8221;.vc_custom_1570085433601{background-position: center !important;background-repeat: no-repeat !important;background-size: cover !important;}&#8221; el_class=&#8221;overflow-visible&#8221;][vc_column width=&#8221;1\/2&#8243; el_id=&#8221;google-map&#8221; css=&#8221;.vc_custom_1559018640944{padding-top: 0px !important;}&#8221; el_class=&#8221;mob-mb40&#8243;][vc_gmaps link=&#8221;#E-8_JTNDaWZyYW1lJTIwc3JjJTNEJTIyaHR0cHMlM0ElMkYlMkZ3d3cuZ29vZ2xlLmNvbSUyRm1hcHMlMkZlbWJlZCUzRnBiJTNEJTIxMW0xOCUyMTFtMTIlMjExbTMlMjExZDEwNDk5LjYxMzgxMjMxNjE2NCUyMTJkMi4zMzMyNjI4OTU3Njc2Njk4JTIxM2Q0OC44NjAwNTE0MTA3NzI5MDQlMjEybTMlMjExZjAlMjEyZjAlMjEzZjAlMjEzbTIlMjExaTEwMjQlMjEyaTc2OCUyMTRmMTMuMSUyMTNtMyUyMTFtMiUyMTFzMHg0N2U2NmUxZjA2ZTJiNzBmJTI1M0EweDQwYjgyYzM2ODhjOTQ2MCUyMTJzUGFyaXMlMjE1ZTAlMjEzbTIlMjExc2VuJTIxMnNmciUyMTR2MTU5ODYyOTU2NDQwOSUyMTVtMiUyMTFzZW4lMjEyc2ZyJTIyJTIwd2lkdGglM0QlMjI2MDAlMjIlMjBoZWlnaHQlM0QlMjI0NTAlMjIlMjBmcmFtZWJvcmRlciUzRCUyMjAlMjIlMjBzdHlsZSUzRCUyMmJvcmRlciUzQTAlM0IlMjIlMjBhbGxvd2Z1bGxzY3JlZW4lM0QlMjIlMjIlMjBhcmlhLWhpZGRlbiUzRCUyMmZhbHNlJTIyJTIwdGFiaW5kZXglM0QlMjIwJTIyJTNFJTNDJTJGaWZyYW1lJTNF&#8221; css=&#8221;.vc_custom_1598629575313{margin-top: 0px !important;margin-bottom: 0px !important;padding-top: 0px !important;}&#8221;][\/vc_column][vc_column width=&#8221;5\/12&#8243;]<div role=\"form\" class=\"wpcf7\" id=\"wpcf7-f3785-o1\" lang=\"fr-FR\" dir=\"ltr\">\n<div class=\"screen-reader-response\"><p role=\"status\" aria-live=\"polite\" aria-atomic=\"true\"><\/p> <ul><\/ul><\/div>\n<form action=\"\/index.php\/wp-json\/wp\/v2\/pages\/3470#wpcf7-f3785-o1\" method=\"post\" class=\"wpcf7-form init\" novalidate=\"novalidate\" data-status=\"init\">\n<div style=\"display: none;\">\n<input type=\"hidden\" name=\"_wpcf7\" value=\"3785\" \/>\n<input type=\"hidden\" name=\"_wpcf7_version\" value=\"5.3.2\" \/>\n<input type=\"hidden\" name=\"_wpcf7_locale\" value=\"fr_FR\" \/>\n<input type=\"hidden\" name=\"_wpcf7_unit_tag\" value=\"wpcf7-f3785-o1\" \/>\n<input type=\"hidden\" name=\"_wpcf7_container_post\" value=\"0\" \/>\n<input type=\"hidden\" name=\"_wpcf7_posted_data_hash\" value=\"\" \/>\n<\/div>\n<p><label> Votre nom (obligatoire)<br \/>\n    <span class=\"wpcf7-form-control-wrap your-name\"><input type=\"text\" name=\"your-name\" value=\"\" size=\"40\" class=\"wpcf7-form-control wpcf7-text wpcf7-validates-as-required\" aria-required=\"true\" aria-invalid=\"false\" \/><\/span> <\/label><\/p>\n<p><label> Votre adresse de messagerie (obligatoire)<br \/>\n    <span class=\"wpcf7-form-control-wrap your-email\"><input type=\"email\" name=\"your-email\" value=\"\" size=\"40\" class=\"wpcf7-form-control wpcf7-text wpcf7-email wpcf7-validates-as-required wpcf7-validates-as-email\" aria-required=\"true\" aria-invalid=\"false\" \/><\/span> <\/label><\/p>\n<p><label> Objet<br \/>\n    <span class=\"wpcf7-form-control-wrap your-subject\"><input type=\"text\" name=\"your-subject\" value=\"\" size=\"40\" class=\"wpcf7-form-control wpcf7-text\" aria-invalid=\"false\" \/><\/span> <\/label><\/p>\n<p><label> Votre message<br \/>\n    <span class=\"wpcf7-form-control-wrap your-message\"><textarea name=\"your-message\" cols=\"40\" rows=\"10\" class=\"wpcf7-form-control wpcf7-textarea\" aria-invalid=\"false\"><\/textarea><\/span> <\/label><\/p>\n<p><input type=\"submit\" value=\"Envoyer\" class=\"wpcf7-form-control wpcf7-submit\" \/><\/p>\n<div class=\"wpcf7-response-output\" aria-hidden=\"true\"><\/div><\/form><\/div>[\/vc_column][\/vc_row]<\/p>\n","protected":false},"excerpt":{"rendered":"<p>[vc_row full_width=&#8221;stretch_row&#8221; content_placement=&#8221;top&#8221; css=&#8221;.vc_custom_1570085433601{background-position: center !important;background-repeat: no-repeat !important;background-size: cover !important;}&#8221; el_class=&#8221;overflow-visible&#8221;][vc_column width=&#8221;1\/2&#8243; el_id=&#8221;google-map&#8221; css=&#8221;.vc_custom_1559018640944{padding-top: 0px !important;}&#8221; el_class=&#8221;mob-mb40&#8243;][vc_gmaps link=&#8221;#E-8_JTNDaWZyYW1lJTIwc3JjJTNEJTIyaHR0cHMlM0ElMkYlMkZ3d3cuZ29vZ2xlLmNvbSUyRm1hcHMlMkZlbWJlZCUzRnBiJTNEJTIxMW0xOCUyMTFtMTIlMjExbTMlMjExZDEwNDk5LjYxMzgxMjMxNjE2NCUyMTJkMi4zMzMyNjI4OTU3Njc2Njk4JTIxM2Q0OC44NjAwNTE0MTA3NzI5MDQlMjEybTMlMjExZjAlMjEyZjAlMjEzZjAlMjEzbTIlMjExaTEwMjQlMjEyaTc2OCUyMTRmMTMuMSUyMTNtMyUyMTFtMiUyMTFzMHg0N2U2NmUxZjA2ZTJiNzBmJTI1M0EweDQwYjgyYzM2ODhjOTQ2MCUyMTJzUGFyaXMlMjE1ZTAlMjEzbTIlMjExc2VuJTIxMnNmciUyMTR2MTU5ODYyOTU2NDQwOSUyMTVtMiUyMTFzZW4lMjEyc2ZyJTIyJTIwd2lkdGglM0QlMjI2MDAlMjIlMjBoZWlnaHQlM0QlMjI0NTAlMjIlMjBmcmFtZWJvcmRlciUzRCUyMjAlMjIlMjBzdHlsZSUzRCUyMmJvcmRlciUzQTAlM0IlMjIlMjBhbGxvd2Z1bGxzY3JlZW4lM0QlMjIlMjIlMjBhcmlhLWhpZGRlbiUzRCUyMmZhbHNlJTIyJTIwdGFiaW5kZXglM0QlMjIwJTIyJTNFJTNDJTJGaWZyYW1lJTNF&#8221; css=&#8221;.vc_custom_1598629575313{margin-top: 0px !important;margin-bottom: 0px !important;padding-top: 0px !important;}&#8221;][\/vc_column][vc_column width=&#8221;5\/12&#8243;][\/vc_column]&#8230;<\/p>\n","protected":false},"author":1,"featured_media":0,"parent":0,"menu_order":0,"comment_status":"closed","ping_status":"closed","template":"","meta":[],"yoast_head":"<!-- This site is optimized with the Yoast SEO plugin v15.5 - https:\/\/yoast.com\/wordpress\/plugins\/seo\/ -->\n<title>Contact - BopDiggers<\/title>\n<meta name=\"description\" content=\"N&#039;h\u00e9sitez pas \u00e0 contacter les bopdiggers! Que ce soit pour parler, pour un event, une recommendation, on est l\u00e0 et on \u00e9coute !\" \/>\n<meta name=\"robots\" content=\"index, follow, max-snippet:-1, max-image-preview:large, max-video-preview:-1\" \/>\n<link rel=\"canonical\" href=\"https:\/\/www.bopdiggers.com\/index.php\/contact\/\" \/>\n<meta property=\"og:locale\" content=\"fr_FR\" \/>\n<meta property=\"og:type\" content=\"article\" \/>\n<meta property=\"og:title\" content=\"Contact - BopDiggers\" \/>\n<meta property=\"og:description\" content=\"N&#039;h\u00e9sitez pas \u00e0 contacter les bopdiggers! Que ce soit pour parler, pour un event, une recommendation, on est l\u00e0 et on \u00e9coute !\" \/>\n<meta property=\"og:url\" content=\"https:\/\/www.bopdiggers.com\/index.php\/contact\/\" \/>\n<meta property=\"og:site_name\" content=\"BopDiggers\" \/>\n<meta property=\"article:publisher\" content=\"https:\/\/www.facebook.com\/bopdiggers\" \/>\n<meta property=\"article:modified_time\" content=\"2020-08-30T11:45:31+00:00\" \/>\n<meta name=\"twitter:card\" content=\"summary_large_image\" \/>\n<meta name=\"twitter:site\" content=\"@BopDiggers\" \/>\n<meta name=\"twitter:label1\" content=\"Dur\u00e9e de lecture est.\">\n\t<meta name=\"twitter:data1\" content=\"0 minute\">\n<script type=\"application\/ld+json\" class=\"yoast-schema-graph\">{\"@context\":\"https:\/\/schema.org\",\"@graph\":[{\"@type\":\"Organization\",\"@id\":\"https:\/\/www.bopdiggers.com\/#organization\",\"name\":\"Bopdiggers\",\"url\":\"https:\/\/www.bopdiggers.com\/\",\"sameAs\":[\"https:\/\/www.facebook.com\/bopdiggers\",\"https:\/\/www.instagram.com\/bopdiggers\/\",\"https:\/\/twitter.com\/BopDiggers\"],\"logo\":{\"@type\":\"ImageObject\",\"@id\":\"https:\/\/www.bopdiggers.com\/#logo\",\"inLanguage\":\"fr-FR\",\"url\":\"https:\/\/www.bopdiggers.com\/wp-content\/uploads\/2020\/08\/logo_black.png\",\"width\":392,\"height\":76,\"caption\":\"Bopdiggers\"},\"image\":{\"@id\":\"https:\/\/www.bopdiggers.com\/#logo\"}},{\"@type\":\"WebSite\",\"@id\":\"https:\/\/www.bopdiggers.com\/#website\",\"url\":\"https:\/\/www.bopdiggers.com\/\",\"name\":\"Bopdiggers\",\"description\":\"We Love A Good Bop !\",\"publisher\":{\"@id\":\"https:\/\/www.bopdiggers.com\/#organization\"},\"potentialAction\":[{\"@type\":\"SearchAction\",\"target\":\"https:\/\/www.bopdiggers.com\/?s={search_term_string}\",\"query-input\":\"required name=search_term_string\"}],\"inLanguage\":\"fr-FR\"},{\"@type\":\"WebPage\",\"@id\":\"https:\/\/www.bopdiggers.com\/index.php\/contact\/#webpage\",\"url\":\"https:\/\/www.bopdiggers.com\/index.php\/contact\/\",\"name\":\"Contact - BopDiggers\",\"isPartOf\":{\"@id\":\"https:\/\/www.bopdiggers.com\/#website\"},\"datePublished\":\"2019-10-03T06:48:14+00:00\",\"dateModified\":\"2020-08-30T11:45:31+00:00\",\"description\":\"N'h\\u00e9sitez pas \\u00e0 contacter les bopdiggers! Que ce soit pour parler, pour un event, une recommendation, on est l\\u00e0 et on \\u00e9coute !\",\"inLanguage\":\"fr-FR\",\"potentialAction\":[{\"@type\":\"ReadAction\",\"target\":[\"https:\/\/www.bopdiggers.com\/index.php\/contact\/\"]}]}]}<\/script>\n<!-- \/ Yoast SEO plugin. -->","_links":{"self":[{"href":"https:\/\/www.bopdiggers.com\/index.php\/wp-json\/wp\/v2\/pages\/3470"}],"collection":[{"href":"https:\/\/www.bopdiggers.com\/index.php\/wp-json\/wp\/v2\/pages"}],"about":[{"href":"https:\/\/www.bopdiggers.com\/index.php\/wp-json\/wp\/v2\/types\/page"}],"author":[{"embeddable":true,"href":"https:\/\/www.bopdiggers.com\/index.php\/wp-json\/wp\/v2\/users\/1"}],"replies":[{"embeddable":true,"href":"https:\/\/www.bopdiggers.com\/index.php\/wp-json\/wp\/v2\/comments?post=3470"}],"version-history":[{"count":17,"href":"https:\/\/www.bopdiggers.com\/index.php\/wp-json\/wp\/v2\/pages\/3470\/revisions"}],"predecessor-version":[{"id":3887,"href":"https:\/\/www.bopdiggers.com\/index.php\/wp-json\/wp\/v2\/pages\/3470\/revisions\/3887"}],"wp:attachment":[{"href":"https:\/\/www.bopdiggers.com\/index.php\/wp-json\/wp\/v2\/media?parent=3470"}],"curies":[{"name":"wp","href":"https:\/\/api.w.org\/{rel}","templated":true}]}}